{"id":9,"date":"2008-12-14T14:58:37","date_gmt":"2008-12-14T13:58:37","guid":{"rendered":"http:\/\/marijan-kelava.com\/kunden\/kongress\/veranstaltungen\/"},"modified":"2025-08-14T17:47:59","modified_gmt":"2025-08-14T15:47:59","slug":"veranstaltungen","status":"publish","type":"page","link":"https:\/\/medprophylaxe.ertl.in\/wordpress\/veranstaltungen\/","title":{"rendered":"Veranstaltungen"},"content":{"rendered":"<p>F\u00fcr die Tagung 2026 werden 26 DFP-Punkte f\u00fcr das Diplom-Fortbildungsprogramm der \u00d6sterr. \u00c4rztekammer eingereicht.<\/p>\n\n\n<p><\/p>\n","protected":false},"excerpt":{"rendered":"<p>F\u00fcr die Tagung 2026 werden 26 DFP-Punkte f\u00fcr das Diplom-Fortbildungsprogramm der \u00d6sterr. \u00c4rztekammer eingereicht.<\/p>\n","protected":false},"author":2,"featured_media":0,"parent":0,"menu_order":1,"comment_status":"closed","ping_status":"open","template":"","meta":{"footnotes":""},"class_list":["post-9","page","type-page","status-publish","hentry"],"_links":{"self":[{"href":"https:\/\/medprophylaxe.ertl.in\/wordpress\/wp-json\/wp\/v2\/pages\/9","targetHints":{"allow":["GET"]}}],"collection":[{"href":"https:\/\/medprophylaxe.ertl.in\/wordpress\/wp-json\/wp\/v2\/pages"}],"about":[{"href":"https:\/\/medprophylaxe.ertl.in\/wordpress\/wp-json\/wp\/v2\/types\/page"}],"author":[{"embeddable":true,"href":"https:\/\/medprophylaxe.ertl.in\/wordpress\/wp-json\/wp\/v2\/users\/2"}],"replies":[{"embeddable":true,"href":"https:\/\/medprophylaxe.ertl.in\/wordpress\/wp-json\/wp\/v2\/comments?post=9"}],"version-history":[{"count":12,"href":"https:\/\/medprophylaxe.ertl.in\/wordpress\/wp-json\/wp\/v2\/pages\/9\/revisions"}],"predecessor-version":[{"id":381,"href":"https:\/\/medprophylaxe.ertl.in\/wordpress\/wp-json\/wp\/v2\/pages\/9\/revisions\/381"}],"wp:attachment":[{"href":"https:\/\/medprophylaxe.ertl.in\/wordpress\/wp-json\/wp\/v2\/media?parent=9"}],"curies":[{"name":"wp","href":"https:\/\/api.w.org\/{rel}","templated":true}]}}