{"id":32,"date":"2008-12-14T15:20:09","date_gmt":"2008-12-14T14:20:09","guid":{"rendered":"http:\/\/marijan-kelava.com\/kunden\/kongress\/?page_id=32"},"modified":"2025-09-01T15:13:47","modified_gmt":"2025-09-01T13:13:47","slug":"allgemeine-hinweise","status":"publish","type":"page","link":"https:\/\/medprophylaxe.ertl.in\/wordpress\/veranstaltungen\/allgemeine-hinweise\/","title":{"rendered":"Allgemeine Hinweise"},"content":{"rendered":"<p><strong>Veranstalter<\/strong><br \/>\n\u00d6sterreichische wiss. Gesellschaft f\u00fcr prophylaktische Medizin und Sozialhygiene<\/p>\n<p>M\u00fchlengasse 1, A-3400 Klosterneuburg<\/p>\n<p>ZVR-Zahl 597143627<br \/>\nTel: +43-1-40400-20860<br \/>\nwww.medprophylaxe.at<br \/>\nE-mail:<a href=\"mailto:wolfgang.eppel@frauendoc.at\">wolfgang.eppel@frauendoc.at<\/a><\/p>\n<p>Vereinskonto bei der Erste Bank:<br \/>\nBAN: AT612011100002801396, BIC: GIBAATWWXXX<\/p>\n<p><strong>Tagungsleitung und Kontaktadresse:<\/strong><br \/>\nPr\u00e4sident: Univ.-Prof. Dr. Wolfgang EPPEL<br \/>\nTel.: (+43\/1) 40 400-<span lang=\"DE-AT\">20860<\/span>,<br \/>\nFax: (+43\/1) 40 400-<span lang=\"DE-AT\">78299<\/span><\/p>\n<p>Vizepr\u00e4sident: Oberrat Priv.-Doz. Dr. Hanns MOSHAMMER<\/p>\n<p><strong>Tagungszeit und Tagungsort<\/strong><br \/>\n9. \u2013 12. M\u00e4rz 2026<br \/>\nBad Hofgastein, Kursaal<\/p>\n<p><strong>Inseratenwerbung, Programmgestaltung und Druck<\/strong><br \/>\nMAW- Medizinische Ausstellungs- und Werbegesellschaft<br \/>\nFreyung 6, A-1010 Wien, Tel:+43\/1 536 63-0 Fax:+43\/1 535 60 16<br \/>\nE-mail:<a href=\"mailto:maw@media.co.at\">maw@media.co.at<\/a><\/p>\n","protected":false},"excerpt":{"rendered":"<p>Veranstalter \u00d6sterreichische wiss. Gesellschaft f\u00fcr prophylaktische Medizin und Sozialhygiene M\u00fchlengasse 1, A-3400 Klosterneuburg ZVR-Zahl 597143627 Tel: +43-1-40400-20860 www.medprophylaxe.at E-mail:wolfgang.eppel@frauendoc.at Vereinskonto bei der Erste Bank: BAN: AT612011100002801396, BIC: GIBAATWWXXX Tagungsleitung und Kontaktadresse: Pr\u00e4sident: Univ.-Prof. Dr. Wolfgang EPPEL Tel.: (+43\/1) 40 400-20860, Fax: (+43\/1) 40 400-78299 Vizepr\u00e4sident: Oberrat Priv.-Doz. Dr. Hanns MOSHAMMER Tagungszeit und Tagungsort 9. \u2013 [&hellip;]<\/p>\n","protected":false},"author":2,"featured_media":0,"parent":9,"menu_order":2,"comment_status":"closed","ping_status":"open","template":"","meta":{"footnotes":""},"class_list":["post-32","page","type-page","status-publish","hentry"],"_links":{"self":[{"href":"https:\/\/medprophylaxe.ertl.in\/wordpress\/wp-json\/wp\/v2\/pages\/32","targetHints":{"allow":["GET"]}}],"collection":[{"href":"https:\/\/medprophylaxe.ertl.in\/wordpress\/wp-json\/wp\/v2\/pages"}],"about":[{"href":"https:\/\/medprophylaxe.ertl.in\/wordpress\/wp-json\/wp\/v2\/types\/page"}],"author":[{"embeddable":true,"href":"https:\/\/medprophylaxe.ertl.in\/wordpress\/wp-json\/wp\/v2\/users\/2"}],"replies":[{"embeddable":true,"href":"https:\/\/medprophylaxe.ertl.in\/wordpress\/wp-json\/wp\/v2\/comments?post=32"}],"version-history":[{"count":15,"href":"https:\/\/medprophylaxe.ertl.in\/wordpress\/wp-json\/wp\/v2\/pages\/32\/revisions"}],"predecessor-version":[{"id":387,"href":"https:\/\/medprophylaxe.ertl.in\/wordpress\/wp-json\/wp\/v2\/pages\/32\/revisions\/387"}],"up":[{"embeddable":true,"href":"https:\/\/medprophylaxe.ertl.in\/wordpress\/wp-json\/wp\/v2\/pages\/9"}],"wp:attachment":[{"href":"https:\/\/medprophylaxe.ertl.in\/wordpress\/wp-json\/wp\/v2\/media?parent=32"}],"curies":[{"name":"wp","href":"https:\/\/api.w.org\/{rel}","templated":true}]}}